{"id":26,"date":"2022-04-11T20:51:23","date_gmt":"2022-04-11T23:51:23","guid":{"rendered":"http:\/\/chaveiroreal.com\/?page_id=26"},"modified":"2022-08-21T13:11:07","modified_gmt":"2022-08-21T16:11:07","slug":"contato","status":"publish","type":"page","link":"https:\/\/chaveiroreal.com\/?page_id=26","title":{"rendered":"Contato"},"content":{"rendered":"\n<section class=\"wp-block-uagb-section uagb-section__wrap uagb-section__background-image uagb-block-a8b9a566\"><div class=\"uagb-section__overlay\"><\/div><div class=\"uagb-section__inner-wrap\">\n<section class=\"wp-block-uagb-columns uagb-columns__wrap uagb-columns__background-color uagb-columns__stack-mobile uagb-columns__valign-center uagb-columns__gap-10 align uagb-block-186af32f uagb-columns__columns-1 uagb-columns__max_width-theme\"><div class=\"uagb-columns__overlay\"><\/div><div class=\"uagb-columns__inner-wrap uagb-columns__columns-1\">\n<div class=\"wp-block-uagb-column uagb-column__wrap uagb-column__background-undefined uagb-block-7c030447\"><div class=\"uagb-column__overlay\"><\/div>\n<p class=\"has-text-align-center has-ast-global-color-8-color has-text-color has-large-font-size\">SOLICITA\u00c7\u00c3O DE OR\u00c7AMENTO<\/p>\n\n\n\n<div class=\"forminator-guttenberg\"><div class=\"forminator-ui forminator-custom-form forminator-custom-form-584 forminator-design--material  forminator_ajax\" data-forminator-render=\"0\" data-form=\"forminator-module-584\" data-uid=\"69f9fcc37a4e4\"><br\/><\/div><form\n\t\t\t\tid=\"forminator-module-584\"\n\t\t\t\tclass=\"forminator-ui forminator-custom-form forminator-custom-form-584 forminator-design--material  forminator_ajax\"\n\t\t\t\tmethod=\"post\"\n\t\t\t\tdata-forminator-render=\"0\"\n\t\t\t\tdata-form-id=\"584\"\n\t\t\t\t data-color-option=\"default\" data-design=\"material\" data-grid=\"open\" style=\"display: none;\"\n\t\t\t\tdata-uid=\"69f9fcc37a4e4\"\n\t\t\t><div role=\"alert\" aria-live=\"polite\" class=\"forminator-response-message forminator-error\" aria-hidden=\"true\"><\/div><div class=\"forminator-row\"><div id=\"name-1\" class=\"forminator-field-name forminator-col forminator-col-6 \"><div class=\"forminator-field\"><label for=\"forminator-field-name-1_69f9fcc37a4e4\" id=\"forminator-field-name-1_69f9fcc37a4e4-label\" class=\"forminator-label\">Primeiro Nome <span class=\"forminator-required\">*<\/span><\/label><input type=\"text\" name=\"name-1\" value=\"\" placeholder=\"\" id=\"forminator-field-name-1_69f9fcc37a4e4\" class=\"forminator-input forminator-name--field\" aria-required=\"true\" autocomplete=\"name\" \/><\/div><\/div><div id=\"name-2\" class=\"forminator-field-name forminator-col forminator-col-6 \"><div class=\"forminator-field\"><label for=\"forminator-field-name-2_69f9fcc37a4e4\" id=\"forminator-field-name-2_69f9fcc37a4e4-label\" class=\"forminator-label\">Ultimo Nome <span class=\"forminator-required\">*<\/span><\/label><input type=\"text\" name=\"name-2\" value=\"\" placeholder=\"\" id=\"forminator-field-name-2_69f9fcc37a4e4\" class=\"forminator-input forminator-name--field\" aria-required=\"true\" autocomplete=\"name\" \/><\/div><\/div><\/div><div class=\"forminator-row\"><div id=\"email-1\" class=\"forminator-field-email forminator-col forminator-col-12 \"><div class=\"forminator-field\"><label for=\"forminator-field-email-1_69f9fcc37a4e4\" id=\"forminator-field-email-1_69f9fcc37a4e4-label\" class=\"forminator-label\">Endere\u00e7o de e-mail <span class=\"forminator-required\">*<\/span><\/label><input type=\"email\" name=\"email-1\" value=\"\" placeholder=\"\" id=\"forminator-field-email-1_69f9fcc37a4e4\" class=\"forminator-input forminator-email--field\" data-required=\"true\" aria-required=\"true\" autocomplete=\"email\" \/><\/div><\/div><\/div><div class=\"forminator-row\"><div id=\"phone-1\" class=\"forminator-field-phone forminator-col forminator-col-12 \"><div class=\"forminator-field\"><label for=\"forminator-field-phone-1_69f9fcc37a4e4\" id=\"forminator-field-phone-1_69f9fcc37a4e4-label\" class=\"forminator-label\">Celular <span class=\"forminator-required\">*<\/span><\/label><input type=\"text\" name=\"phone-1\" value=\"\" placeholder=\"\" id=\"forminator-field-phone-1_69f9fcc37a4e4\" class=\"forminator-input forminator-field--phone\" data-required=\"1\" aria-required=\"true\" autocomplete=\"off\" data-national_mode=\"enabled\" data-country=\"BR\" data-validation=\"standard\" \/><\/div><\/div><\/div><div class=\"forminator-row\"><div id=\"radio-1\" class=\"forminator-field-radio forminator-col forminator-col-12 \"><div role=\"radiogroup\" class=\"forminator-field\" aria-labelledby=\"forminator-radiogroup-radio-1-69f9fcc37a4e4-label\"><span id=\"forminator-radiogroup-radio-1-69f9fcc37a4e4-label\" class=\"forminator-label\">Deseja ser contactado(a) via WhatsApp? <span class=\"forminator-required\">*<\/span><\/span><label id=\"forminator-field-radio-1-label-1\" for=\"forminator-field-radio-1-1-69f9fcc37a4e4\" class=\"forminator-radio\" title=\"Sim\"><input type=\"radio\" name=\"radio-1\" value=\"Sim\" id=\"forminator-field-radio-1-1-69f9fcc37a4e4\" aria-labelledby=\"forminator-field-radio-1-label-1\" data-calculation=\"0\"  \/><span class=\"forminator-radio-bullet\" aria-hidden=\"true\"><\/span><span class=\"forminator-radio-label\">Sim<\/span><\/label><label id=\"forminator-field-radio-1-label-2\" for=\"forminator-field-radio-1-2-69f9fcc37a4e4\" class=\"forminator-radio\" title=\"N\u00e3o\"><input type=\"radio\" name=\"radio-1\" value=\"N\u00e3o\" id=\"forminator-field-radio-1-2-69f9fcc37a4e4\" aria-labelledby=\"forminator-field-radio-1-label-2\" data-calculation=\"0\"  \/><span class=\"forminator-radio-bullet\" aria-hidden=\"true\"><\/span><span class=\"forminator-radio-label\">N\u00e3o<\/span><\/label><\/div><\/div><\/div><div class=\"forminator-row\"><div id=\"select-1\" class=\"forminator-field-select forminator-col forminator-col-12 \"><div class=\"forminator-field\"><label for=\"forminator-form-584__field--select-1_69f9fcc37a4e4\" id=\"forminator-form-584__field--select-1_69f9fcc37a4e4-label\" class=\"forminator-label\">Servi\u00e7os <span class=\"forminator-required\">*<\/span><\/label><select  id=\"forminator-form-584__field--select-1_69f9fcc37a4e4\" class=\"forminator-select--field forminator-select2 forminator-select2-multiple\" data-required=\"1\" name=\"select-1\" data-default-value=\"\" data-placeholder=\"Selecione\" data-search=\"false\" data-search-placeholder=\"Selecione\" data-checkbox=\"false\" data-allow-clear=\"false\" aria-labelledby=\"forminator-form-584__field--select-1_69f9fcc37a4e4-label\"><option value=\"\"  >Selecione<\/option><option value=\"Chave-automotiva\"  data-calculation=\"0\">Chave automotiva<\/option><option value=\"Chave-residencial\"  data-calculation=\"0\">Chave residencial<\/option><option value=\"Controle-de-acesso-(controle-de-port\u00e3o)\"  data-calculation=\"0\">Controle de acesso (controle de port\u00e3o)<\/option><option value=\"Carimbos\"  data-calculation=\"0\">Carimbos<\/option><\/select><\/div><\/div><\/div><div class=\"forminator-row\"><div id=\"textarea-1\" class=\"forminator-field-textarea forminator-col forminator-col-12 \"><div class=\"forminator-field\"><label for=\"forminator-field-textarea-1_69f9fcc37a4e4\" id=\"forminator-field-textarea-1_69f9fcc37a4e4-label\" class=\"forminator-label\">Descreva a sua solicita\u00e7\u00e3o <span class=\"forminator-required\">*<\/span><\/label><textarea name=\"textarea-1\" placeholder=\"\" id=\"forminator-field-textarea-1_69f9fcc37a4e4\" class=\"forminator-textarea\" rows=\"6\" style=\"--forminator-textarea-min-height:140px;\" ><\/textarea><span id=\"forminator-field-textarea-1_69f9fcc37a4e4-description\" class=\"forminator-description\"><span data-limit=\"200\" data-type=\"words\" data-editor=\"\">0 \/ 200<\/span><\/span><\/div><\/div><\/div><input type=\"hidden\" name=\"referer_url\" value=\"\" \/><div class=\"forminator-row forminator-row-last\"><div class=\"forminator-col\"><div class=\"forminator-field\"><button class=\"forminator-button forminator-button-submit\"><span>Enviar<\/span><span aria-hidden=\"true\"><\/span><\/button><\/div><\/div><\/div><input type=\"hidden\" id=\"forminator_nonce\" name=\"forminator_nonce\" value=\"f571982df9\" \/><input type=\"hidden\" name=\"_wp_http_referer\" value=\"\/index.php?rest_route=%2Fwp%2Fv2%2Fpages%2F26\" \/><input type=\"hidden\" name=\"form_id\" value=\"584\"><input type=\"hidden\" name=\"page_id\" value=\"26\"><input type=\"hidden\" name=\"form_type\" value=\"default\"><input type=\"hidden\" name=\"current_url\" value=\"https:\/\/chaveiroreal.com\/?page_id=26\"><input type=\"hidden\" name=\"render_id\" value=\"0\"><input type=\"hidden\" name=\"action\" value=\"forminator_submit_form_custom-forms\"><\/form><\/div>\n<\/div>\n<\/div><\/section>\n<\/div><\/section>\n\n\n\n<footer class=\"wp-block-uagb-section uagb-section__wrap uagb-section__background-color uagb-block-8e8bf2b2\"><div class=\"uagb-section__overlay\"><\/div><div class=\"uagb-section__inner-wrap\">\n<section class=\"wp-block-uagb-columns uagb-columns__wrap uagb-columns__background-color uagb-columns__stack-mobile uagb-columns__valign- uagb-columns__gap-10 alignfull uagb-block-316a17f0 uagb-columns__columns-3 uagb-columns__max_width-theme\"><div class=\"uagb-columns__overlay\"><\/div><div class=\"uagb-columns__inner-wrap uagb-columns__columns-3\">\n<div class=\"wp-block-uagb-column uagb-column__wrap uagb-column__background-undefined uagb-block-ca0b8695\"><div class=\"uagb-column__overlay\"><\/div>\n<div class=\"wp-block-uagb-icon-list uagb-block-d141bd30 uagb-icon-list__outer-wrap uagb-icon-list__layout-vertical\"><div class=\"uagb-icon-list__wrap\">\n<div class=\"wp-block-uagb-icon-list-child uagb-block-9f074afb uagb-icon-list-repeater uagb-icon-list__wrapper\"><a target=\"_blank\" aria-label=\"WhatApp\" rel=\"noopener noreferrer\" href=\"http:\/\/wa.me\/5511947732297\"> <\/a><span class=\"uagb-icon-list__source-wrap\"><svg xmlns=\"https:\/\/www.w3.org\/2000\/svg\" viewBox=\"0 0 448 512\"><path d=\"M380.9 97.1C339 55.1 283.2 32 223.9 32c-122.4 0-222 99.6-222 222 0 39.1 10.2 77.3 29.6 111L0 480l117.7-30.9c32.4 17.7 68.9 27 106.1 27h.1c122.3 0 224.1-99.6 224.1-222 0-59.3-25.2-115-67.1-157zm-157 341.6c-33.2 0-65.7-8.9-94-25.7l-6.7-4-69.8 18.3L72 359.2l-4.4-7c-18.5-29.4-28.2-63.3-28.2-98.2 0-101.7 82.8-184.5 184.6-184.5 49.3 0 95.6 19.2 130.4 54.1 34.8 34.9 56.2 81.2 56.1 130.5 0 101.8-84.9 184.6-186.6 184.6zm101.2-138.2c-5.5-2.8-32.8-16.2-37.9-18-5.1-1.9-8.8-2.8-12.5 2.8-3.7 5.6-14.3 18-17.6 21.8-3.2 3.7-6.5 4.2-12 1.4-32.6-16.3-54-29.1-75.5-66-5.7-9.8 5.7-9.1 16.3-30.3 1.8-3.7 .9-6.9-.5-9.7-1.4-2.8-12.5-30.1-17.1-41.2-4.5-10.8-9.1-9.3-12.5-9.5-3.2-.2-6.9-.2-10.6-.2-3.7 0-9.7 1.4-14.8 6.9-5.1 5.6-19.4 19-19.4 46.3 0 27.3 19.9 53.7 22.6 57.4 2.8 3.7 39.1 59.7 94.8 83.8 35.2 15.2 49 16.5 66.6 13.9 10.7-1.6 32.8-13.4 37.4-26.4 4.6-13 4.6-24.1 3.2-26.4-1.3-2.5-5-3.9-10.5-6.6z\"><\/path><\/svg><\/span><span class=\"uagb-icon-list__label\">WhatApp<\/span><\/div>\n\n\n\n<div class=\"wp-block-uagb-icon-list-child uagb-block-5e99ccb6 uagb-icon-list-repeater uagb-icon-list__wrapper\"><a target=\"_blank\" aria-label=\"Facebook\" rel=\"noopener noreferrer\" href=\"https:\/\/www.facebook.com\/Chaveiro-Real-1626720607586445\"> <\/a><span class=\"uagb-icon-list__source-wrap\"><svg xmlns=\"https:\/\/www.w3.org\/2000\/svg\" viewBox=\"0 0 512 512\"><path d=\"M504 256C504 119 393 8 256 8S8 119 8 256c0 123.8 90.69 226.4 209.3 245V327.7h-63V256h63v-54.64c0-62.15 37-96.48 93.67-96.48 27.14 0 55.52 4.84 55.52 4.84v61h-31.28c-30.8 0-40.41 19.12-40.41 38.73V256h68.78l-11 71.69h-57.78V501C413.3 482.4 504 379.8 504 256z\"><\/path><\/svg><\/span><span class=\"uagb-icon-list__label\">Facebook<\/span><\/div>\n\n\n\n<div class=\"wp-block-uagb-icon-list-child uagb-block-88bb1dcf\"><a target=\"_blank\" aria-label=\"Instagram\" rel=\"noopener noreferrer\" href=\"https:\/\/www.instagram.com\/chaveiro_real\/\"> <\/a><span class=\"uagb-icon-list__source-wrap\"><svg xmlns=\"https:\/\/www.w3.org\/2000\/svg\" viewBox=\"0 0 448 512\"><path d=\"M224.1 141c-63.6 0-114.9 51.3-114.9 114.9s51.3 114.9 114.9 114.9S339 319.5 339 255.9 287.7 141 224.1 141zm0 189.6c-41.1 0-74.7-33.5-74.7-74.7s33.5-74.7 74.7-74.7 74.7 33.5 74.7 74.7-33.6 74.7-74.7 74.7zm146.4-194.3c0 14.9-12 26.8-26.8 26.8-14.9 0-26.8-12-26.8-26.8s12-26.8 26.8-26.8 26.8 12 26.8 26.8zm76.1 27.2c-1.7-35.9-9.9-67.7-36.2-93.9-26.2-26.2-58-34.4-93.9-36.2-37-2.1-147.9-2.1-184.9 0-35.8 1.7-67.6 9.9-93.9 36.1s-34.4 58-36.2 93.9c-2.1 37-2.1 147.9 0 184.9 1.7 35.9 9.9 67.7 36.2 93.9s58 34.4 93.9 36.2c37 2.1 147.9 2.1 184.9 0 35.9-1.7 67.7-9.9 93.9-36.2 26.2-26.2 34.4-58 36.2-93.9 2.1-37 2.1-147.8 0-184.8zM398.8 388c-7.8 19.6-22.9 34.7-42.6 42.6-29.5 11.7-99.5 9-132.1 9s-102.7 2.6-132.1-9c-19.6-7.8-34.7-22.9-42.6-42.6-11.7-29.5-9-99.5-9-132.1s-2.6-102.7 9-132.1c7.8-19.6 22.9-34.7 42.6-42.6 29.5-11.7 99.5-9 132.1-9s102.7-2.6 132.1 9c19.6 7.8 34.7 22.9 42.6 42.6 11.7 29.5 9 99.5 9 132.1s2.7 102.7-9 132.1z\"><\/path><\/svg><\/span><span class=\"uagb-icon-list__label\">Instagram<\/span><\/div>\n<\/div><\/div>\n<\/div>\n\n\n\n<div class=\"wp-block-uagb-column uagb-column__wrap uagb-column__background-undefined uagb-block-58020199\"><div class=\"uagb-column__overlay\"><\/div><style>.kb-google-maps-container_007517-5a{height:185px;}<\/style>\n<div class=\"kb-google-maps-container kb-google-maps-container_007517-5a\" data-mapid=\"_007517-5a\"><iframe width=\"100%\" height=\"100%\" style=\"border:0\" loading=\"lazy\" src=\"https:\/\/www.google.com\/maps\/embed\/v1\/place?key=AIzaSyBAM2o7PiQqwk15LC1XRH2e_KJ-jUa7KYk&amp;zoom=16&amp;maptype=roadmap&amp;q=Av.%20Mal.%20Rondon%2C%20237%20-%20Centro%2C%20Osasco%20-%20SP%2C%2006093-010\"><\/iframe><\/div>\n<script>function kb_google_map_0075175a() { let center = { lat: 37.8201, lng: -122.4781}; let map = new google.maps.Map(document.getElementById(\"kb-google-map_0075175a\"), {\n\t\t\t\t\t    zoom: 16,\n\t\t\t\t\t    center: center,});let marker = new google.maps.Marker({   position: { lat: 37.8201, lng: -122.4781},    map: map,  });}<\/script><\/div>\n\n\n\n<div class=\"wp-block-uagb-column uagb-column__wrap uagb-column__background-undefined uagb-block-2b1702c2\"><div class=\"uagb-column__overlay\"><\/div><style>.kb-image_6e7b95-b1 .kb-image-has-overlay:after{opacity:0.3;}<\/style>\n<figure class=\"wp-block-kadence-image kb-image_6e7b95-b1 size-medium_large\"><img decoding=\"async\" width=\"768\" height=\"123\" src=\"http:\/\/chaveiroreal.com\/wp-content\/uploads\/2022\/04\/bandeiras-de-cartoes-de-credito-png-e-vetor-download-768x123.png\" alt=\"bandeiras de cartoes de credito png e vetor \" class=\"kb-img wp-image-171\" srcset=\"https:\/\/chaveiroreal.com\/wp-content\/uploads\/2022\/04\/bandeiras-de-cartoes-de-credito-png-e-vetor-download-768x123.png 768w, https:\/\/chaveiroreal.com\/wp-content\/uploads\/2022\/04\/bandeiras-de-cartoes-de-credito-png-e-vetor-download-300x48.png 300w, https:\/\/chaveiroreal.com\/wp-content\/uploads\/2022\/04\/bandeiras-de-cartoes-de-credito-png-e-vetor-download-1024x164.png 1024w, https:\/\/chaveiroreal.com\/wp-content\/uploads\/2022\/04\/bandeiras-de-cartoes-de-credito-png-e-vetor-download.png 1387w\" sizes=\"(max-width: 768px) 100vw, 768px\" \/><\/figure>\n\n\n\n<div class=\"wp-block-uagb-icon-list uagb-block-af0e6de7 uagb-icon-list__outer-wrap uagb-icon-list__layout-vertical\"><div class=\"uagb-icon-list__wrap\">\n<div class=\"wp-block-uagb-icon-list-child uagb-block-62e4dec8 uagb-icon-list-repeater uagb-icon-list__wrapper\"><a target=\"_self\" aria-label=\"(11) 3681-2785\" rel=\"noopener noreferrer\" href=\"tel:01136812785\"> <\/a><span class=\"uagb-icon-list__source-wrap\"><svg xmlns=\"https:\/\/www.w3.org\/2000\/svg\" viewBox=\"0 0 448 512\"><path d=\"M0 96v320c0 35.35 28.65 64 64 64h320c35.35 0 64-28.65 64-64V96c0-35.35-28.65-64-64-64H64C28.65 32 0 60.65 0 96zM105.5 303.6l54.24-23.25c6.391-2.766 13.9-.9062 18.24 4.484l22.02 26.91c34.63-17 62.77-45.14 79.77-79.75l-26.91-22.05c-5.375-4.391-7.211-11.83-4.492-18.22l23.27-54.28c3.047-6.953 10.59-10.77 17.93-9.062l50.38 11.63c7.125 1.625 12.11 7.891 12.11 15.22c0 126.1-102.6 228.8-228.7 228.8c-7.336 0-13.6-4.984-15.24-12.11l-11.62-50.39C94.71 314.2 98.5 306.6 105.5 303.6z\"><\/path><\/svg><\/span><span class=\"uagb-icon-list__label\">(11) 3681-2785<\/span><\/div>\n\n\n\n<div class=\"wp-block-uagb-icon-list-child uagb-block-68fbf090 uagb-icon-list-repeater uagb-icon-list__wrapper\"><a target=\"_self\" aria-label=\"chaveiro.real@gmail.com\" rel=\"noopener noreferrer\" href=\"mailto:chaveiro.real@gmail.com\"> <\/a><span class=\"uagb-icon-list__source-wrap\"><svg xmlns=\"https:\/\/www.w3.org\/2000\/svg\" viewBox=\"0 0 512 512\"><path d=\"M464 64C490.5 64 512 85.49 512 112C512 127.1 504.9 141.3 492.8 150.4L275.2 313.6C263.8 322.1 248.2 322.1 236.8 313.6L19.2 150.4C7.113 141.3 0 127.1 0 112C0 85.49 21.49 64 48 64H464zM217.6 339.2C240.4 356.3 271.6 356.3 294.4 339.2L512 176V384C512 419.3 483.3 448 448 448H64C28.65 448 0 419.3 0 384V176L217.6 339.2z\"><\/path><\/svg><\/span><span class=\"uagb-icon-list__label\">chaveiro.real@gmail.com<\/span><\/div>\n<\/div><\/div>\n<\/div>\n<\/div><\/section>\n\n\n\n<script src=\"https:\/\/consensu.io\/bundle.min.js\" key=\"eyJhbGciOiJIUzI1NiIsInR5cCI6IkpXVCJ9.eyJhY2NvdW50IjoiNjJjZTJhODQyOGQ4NjQwMDEzNjZlMzgwIiwiaWF0IjoxNjU3Njc5NzIwfQ.mZFynccdAVPS6gAa9iAVUHG_9O1L9IC8rLbfFvRO-F4\" type=\"text\/javascript\" charset=\"utf-8\"><\/script>\n<\/div><\/footer>\n","protected":false},"excerpt":{"rendered":"","protected":false},"author":1,"featured_media":0,"parent":0,"menu_order":0,"comment_status":"closed","ping_status":"closed","template":"","meta":{"_uag_custom_page_level_css":"","site-sidebar-layout":"default","site-content-layout":"","ast-site-content-layout":"default","site-content-style":"default","site-sidebar-style":"default","ast-global-header-display":"","ast-banner-title-visibility":"","ast-main-header-display":"","ast-hfb-above-header-display":"","ast-hfb-below-header-display":"","ast-hfb-mobile-header-display":"","site-post-title":"disabled","ast-breadcrumbs-content":"","ast-featured-img":"disabled","footer-sml-layout":"","ast-disable-related-posts":"","theme-transparent-header-meta":"","adv-header-id-meta":"","stick-header-meta":"","header-above-stick-meta":"","header-main-stick-meta":"","header-below-stick-meta":"","astra-migrate-meta-layouts":"default","ast-page-background-enabled":"default","ast-page-background-meta":{"desktop":{"background-color":"var(--ast-global-color-4)","background-image":"","background-repeat":"repeat","background-position":"center center","background-size":"auto","background-attachment":"scroll","background-type":"","background-media":"","overlay-type":"","overlay-color":"","overlay-opacity":"","overlay-gradient":""},"tablet":{"background-color":"","background-image":"","background-repeat":"repeat","background-position":"center center","background-size":"auto","background-attachment":"scroll","background-type":"","background-media":"","overlay-type":"","overlay-color":"","overlay-opacity":"","overlay-gradient":""},"mobile":{"background-color":"","background-image":"","background-repeat":"repeat","background-position":"center center","background-size":"auto","background-attachment":"scroll","background-type":"","background-media":"","overlay-type":"","overlay-color":"","overlay-opacity":"","overlay-gradient":""}},"ast-content-background-meta":{"desktop":{"background-color":"var(--ast-global-color-5)","background-image":"","background-repeat":"repeat","background-position":"center center","background-size":"auto","background-attachment":"scroll","background-type":"","background-media":"","overlay-type":"","overlay-color":"","overlay-opacity":"","overlay-gradient":""},"tablet":{"background-color":"var(--ast-global-color-5)","background-image":"","background-repeat":"repeat","background-position":"center center","background-size":"auto","background-attachment":"scroll","background-type":"","background-media":"","overlay-type":"","overlay-color":"","overlay-opacity":"","overlay-gradient":""},"mobile":{"background-color":"var(--ast-global-color-5)","background-image":"","background-repeat":"repeat","background-position":"center center","background-size":"auto","background-attachment":"scroll","background-type":"","background-media":"","overlay-type":"","overlay-color":"","overlay-opacity":"","overlay-gradient":""}},"footnotes":""},"class_list":["post-26","page","type-page","status-publish","hentry"],"yoast_head":"<!-- This site is optimized with the Yoast SEO plugin v27.5 - https:\/\/yoast.com\/product\/yoast-seo-wordpress\/ -->\n<title>Contato - Chaveiro Real<\/title>\n<meta name=\"robots\" content=\"index, follow, max-snippet:-1, max-image-preview:large, max-video-preview:-1\" \/>\n<link rel=\"canonical\" href=\"https:\/\/chaveiroreal.com\/?page_id=26\" \/>\n<meta property=\"og:locale\" content=\"pt_BR\" \/>\n<meta property=\"og:type\" content=\"article\" \/>\n<meta property=\"og:title\" content=\"Contato - Chaveiro Real\" \/>\n<meta property=\"og:url\" content=\"https:\/\/chaveiroreal.com\/?page_id=26\" \/>\n<meta property=\"og:site_name\" content=\"Chaveiro Real\" \/>\n<meta property=\"article:publisher\" content=\"https:\/\/www.facebook.com\/Chaveiro-Real-1626720607586445\" \/>\n<meta property=\"article:modified_time\" content=\"2022-08-21T16:11:07+00:00\" \/>\n<meta name=\"twitter:card\" content=\"summary_large_image\" \/>\n<meta name=\"twitter:label1\" content=\"Est. tempo de leitura\" \/>\n\t<meta name=\"twitter:data1\" content=\"1 minuto\" \/>\n<script type=\"application\/ld+json\" class=\"yoast-schema-graph\">{\"@context\":\"https:\\\/\\\/schema.org\",\"@graph\":[{\"@type\":\"WebPage\",\"@id\":\"https:\\\/\\\/chaveiroreal.com\\\/?page_id=26\",\"url\":\"https:\\\/\\\/chaveiroreal.com\\\/?page_id=26\",\"name\":\"Contato - Chaveiro Real\",\"isPartOf\":{\"@id\":\"https:\\\/\\\/chaveiroreal.com\\\/#website\"},\"datePublished\":\"2022-04-11T23:51:23+00:00\",\"dateModified\":\"2022-08-21T16:11:07+00:00\",\"breadcrumb\":{\"@id\":\"https:\\\/\\\/chaveiroreal.com\\\/?page_id=26#breadcrumb\"},\"inLanguage\":\"pt-BR\",\"potentialAction\":[{\"@type\":\"ReadAction\",\"target\":[\"https:\\\/\\\/chaveiroreal.com\\\/?page_id=26\"]}]},{\"@type\":\"BreadcrumbList\",\"@id\":\"https:\\\/\\\/chaveiroreal.com\\\/?page_id=26#breadcrumb\",\"itemListElement\":[{\"@type\":\"ListItem\",\"position\":1,\"name\":\"In\u00edcio\",\"item\":\"https:\\\/\\\/chaveiroreal.com\\\/\"},{\"@type\":\"ListItem\",\"position\":2,\"name\":\"Contato\"}]},{\"@type\":\"WebSite\",\"@id\":\"https:\\\/\\\/chaveiroreal.com\\\/#website\",\"url\":\"https:\\\/\\\/chaveiroreal.com\\\/\",\"name\":\"Chaveiro Real\",\"description\":\"S\u00f3 mais um site WordPress\",\"publisher\":{\"@id\":\"https:\\\/\\\/chaveiroreal.com\\\/#organization\"},\"potentialAction\":[{\"@type\":\"SearchAction\",\"target\":{\"@type\":\"EntryPoint\",\"urlTemplate\":\"https:\\\/\\\/chaveiroreal.com\\\/?s={search_term_string}\"},\"query-input\":{\"@type\":\"PropertyValueSpecification\",\"valueRequired\":true,\"valueName\":\"search_term_string\"}}],\"inLanguage\":\"pt-BR\"},{\"@type\":\"Organization\",\"@id\":\"https:\\\/\\\/chaveiroreal.com\\\/#organization\",\"name\":\"Chaveiro Real\",\"url\":\"https:\\\/\\\/chaveiroreal.com\\\/\",\"logo\":{\"@type\":\"ImageObject\",\"inLanguage\":\"pt-BR\",\"@id\":\"https:\\\/\\\/chaveiroreal.com\\\/#\\\/schema\\\/logo\\\/image\\\/\",\"url\":\"https:\\\/\\\/chaveiroreal.com\\\/wp-content\\\/uploads\\\/2022\\\/07\\\/Prancheta-1-copia-2.png\",\"contentUrl\":\"https:\\\/\\\/chaveiroreal.com\\\/wp-content\\\/uploads\\\/2022\\\/07\\\/Prancheta-1-copia-2.png\",\"width\":1081,\"height\":1081,\"caption\":\"Chaveiro Real\"},\"image\":{\"@id\":\"https:\\\/\\\/chaveiroreal.com\\\/#\\\/schema\\\/logo\\\/image\\\/\"},\"sameAs\":[\"https:\\\/\\\/www.facebook.com\\\/Chaveiro-Real-1626720607586445\",\"https:\\\/\\\/www.instagram.com\\\/chaveiro_real\\\/\"]}]}<\/script>\n<!-- \/ Yoast SEO plugin. -->","yoast_head_json":{"title":"Contato - Chaveiro Real","robots":{"index":"index","follow":"follow","max-snippet":"max-snippet:-1","max-image-preview":"max-image-preview:large","max-video-preview":"max-video-preview:-1"},"canonical":"https:\/\/chaveiroreal.com\/?page_id=26","og_locale":"pt_BR","og_type":"article","og_title":"Contato - Chaveiro Real","og_url":"https:\/\/chaveiroreal.com\/?page_id=26","og_site_name":"Chaveiro Real","article_publisher":"https:\/\/www.facebook.com\/Chaveiro-Real-1626720607586445","article_modified_time":"2022-08-21T16:11:07+00:00","twitter_card":"summary_large_image","twitter_misc":{"Est. tempo de leitura":"1 minuto"},"schema":{"@context":"https:\/\/schema.org","@graph":[{"@type":"WebPage","@id":"https:\/\/chaveiroreal.com\/?page_id=26","url":"https:\/\/chaveiroreal.com\/?page_id=26","name":"Contato - Chaveiro Real","isPartOf":{"@id":"https:\/\/chaveiroreal.com\/#website"},"datePublished":"2022-04-11T23:51:23+00:00","dateModified":"2022-08-21T16:11:07+00:00","breadcrumb":{"@id":"https:\/\/chaveiroreal.com\/?page_id=26#breadcrumb"},"inLanguage":"pt-BR","potentialAction":[{"@type":"ReadAction","target":["https:\/\/chaveiroreal.com\/?page_id=26"]}]},{"@type":"BreadcrumbList","@id":"https:\/\/chaveiroreal.com\/?page_id=26#breadcrumb","itemListElement":[{"@type":"ListItem","position":1,"name":"In\u00edcio","item":"https:\/\/chaveiroreal.com\/"},{"@type":"ListItem","position":2,"name":"Contato"}]},{"@type":"WebSite","@id":"https:\/\/chaveiroreal.com\/#website","url":"https:\/\/chaveiroreal.com\/","name":"Chaveiro Real","description":"S\u00f3 mais um site WordPress","publisher":{"@id":"https:\/\/chaveiroreal.com\/#organization"},"potentialAction":[{"@type":"SearchAction","target":{"@type":"EntryPoint","urlTemplate":"https:\/\/chaveiroreal.com\/?s={search_term_string}"},"query-input":{"@type":"PropertyValueSpecification","valueRequired":true,"valueName":"search_term_string"}}],"inLanguage":"pt-BR"},{"@type":"Organization","@id":"https:\/\/chaveiroreal.com\/#organization","name":"Chaveiro Real","url":"https:\/\/chaveiroreal.com\/","logo":{"@type":"ImageObject","inLanguage":"pt-BR","@id":"https:\/\/chaveiroreal.com\/#\/schema\/logo\/image\/","url":"https:\/\/chaveiroreal.com\/wp-content\/uploads\/2022\/07\/Prancheta-1-copia-2.png","contentUrl":"https:\/\/chaveiroreal.com\/wp-content\/uploads\/2022\/07\/Prancheta-1-copia-2.png","width":1081,"height":1081,"caption":"Chaveiro Real"},"image":{"@id":"https:\/\/chaveiroreal.com\/#\/schema\/logo\/image\/"},"sameAs":["https:\/\/www.facebook.com\/Chaveiro-Real-1626720607586445","https:\/\/www.instagram.com\/chaveiro_real\/"]}]}},"uagb_featured_image_src":{"full":false,"thumbnail":false,"medium":false,"medium_large":false,"large":false,"1536x1536":false,"2048x2048":false},"uagb_author_info":{"display_name":"dillon","author_link":"https:\/\/chaveiroreal.com\/?author=1"},"uagb_comment_info":0,"uagb_excerpt":null,"_links":{"self":[{"href":"https:\/\/chaveiroreal.com\/index.php?rest_route=\/wp\/v2\/pages\/26","targetHints":{"allow":["GET"]}}],"collection":[{"href":"https:\/\/chaveiroreal.com\/index.php?rest_route=\/wp\/v2\/pages"}],"about":[{"href":"https:\/\/chaveiroreal.com\/index.php?rest_route=\/wp\/v2\/types\/page"}],"author":[{"embeddable":true,"href":"https:\/\/chaveiroreal.com\/index.php?rest_route=\/wp\/v2\/users\/1"}],"replies":[{"embeddable":true,"href":"https:\/\/chaveiroreal.com\/index.php?rest_route=%2Fwp%2Fv2%2Fcomments&post=26"}],"version-history":[{"count":13,"href":"https:\/\/chaveiroreal.com\/index.php?rest_route=\/wp\/v2\/pages\/26\/revisions"}],"predecessor-version":[{"id":657,"href":"https:\/\/chaveiroreal.com\/index.php?rest_route=\/wp\/v2\/pages\/26\/revisions\/657"}],"wp:attachment":[{"href":"https:\/\/chaveiroreal.com\/index.php?rest_route=%2Fwp%2Fv2%2Fmedia&parent=26"}],"curies":[{"name":"wp","href":"https:\/\/api.w.org\/{rel}","templated":true}]}}